{"id":647,"date":"2020-06-20T13:44:26","date_gmt":"2020-06-20T10:44:26","guid":{"rendered":"http:\/\/ozayviol.com\/?page_id=647"},"modified":"2021-12-22T17:46:36","modified_gmt":"2021-12-22T14:46:36","slug":"17-19-lbs-kapak","status":"publish","type":"page","link":"https:\/\/ozayviol.com\/?page_id=647","title":{"rendered":"17 lbs Kapak"},"content":{"rendered":"\n<p>Yumurta Boyutu: L-XL <br>A\u011f\u0131rl\u0131k : 53gram. (+- 3gr.)<br>Renkler : Naturel,Violet,Sar\u0131,Ye\u015fil,Pempe<br>Paket Adedi : 140<br>Kapasite : 30 Yumurta<\/p>\n","protected":false},"excerpt":{"rendered":"<p>Yumurta Boyutu: L-XL A\u011f\u0131rl\u0131k : 53gram. (+- 3gr.)Renkler : Naturel,Violet,Sar\u0131,Ye\u015fil,PempePaket Adedi : 140Kapasite : 30 Yumurta<\/p>\n","protected":false},"author":1,"featured_media":643,"parent":0,"menu_order":0,"comment_status":"closed","ping_status":"closed","template":"","meta":[],"aioseo_notices":[],"_links":{"self":[{"href":"https:\/\/ozayviol.com\/index.php?rest_route=\/wp\/v2\/pages\/647"}],"collection":[{"href":"https:\/\/ozayviol.com\/index.php?rest_route=\/wp\/v2\/pages"}],"about":[{"href":"https:\/\/ozayviol.com\/index.php?rest_route=\/wp\/v2\/types\/page"}],"author":[{"embeddable":true,"href":"https:\/\/ozayviol.com\/index.php?rest_route=\/wp\/v2\/users\/1"}],"replies":[{"embeddable":true,"href":"https:\/\/ozayviol.com\/index.php?rest_route=%2Fwp%2Fv2%2Fcomments&post=647"}],"version-history":[{"count":3,"href":"https:\/\/ozayviol.com\/index.php?rest_route=\/wp\/v2\/pages\/647\/revisions"}],"predecessor-version":[{"id":751,"href":"https:\/\/ozayviol.com\/index.php?rest_route=\/wp\/v2\/pages\/647\/revisions\/751"}],"wp:featuredmedia":[{"embeddable":true,"href":"https:\/\/ozayviol.com\/index.php?rest_route=\/wp\/v2\/media\/643"}],"wp:attachment":[{"href":"https:\/\/ozayviol.com\/index.php?rest_route=%2Fwp%2Fv2%2Fmedia&parent=647"}],"curies":[{"name":"wp","href":"https:\/\/api.w.org\/{rel}","templated":true}]}}