{"id":540,"date":"2020-06-06T22:43:04","date_gmt":"2020-06-06T19:43:04","guid":{"rendered":"http:\/\/ozayviol.com\/?page_id=540"},"modified":"2020-06-20T13:38:37","modified_gmt":"2020-06-20T10:38:37","slug":"20-lbs-viyol","status":"publish","type":"page","link":"https:\/\/ozayviol.com\/?page_id=540","title":{"rendered":"20 lbs viyol"},"content":{"rendered":"\n<p><strong><em>\u00d6ZAY V\u0130OL \u00dcR\u00dcN B\u0130LG\u0130LER\u0130<\/em><\/strong><\/p>\n\n\n\n<p>Yumurta Boyutu: L-XL (63-73 gram)<br>A\u011f\u0131rl\u0131k : 70 gram. (+- 3gr.)<br>Renkler : Naturel,Violet,Sar\u0131,Ye\u015fil,Pempe<br>Paket Adedi : 140<br>Kapasite : 30 Yumurta<\/p>\n","protected":false},"excerpt":{"rendered":"<p>\u00d6ZAY V\u0130OL \u00dcR\u00dcN B\u0130LG\u0130LER\u0130 Yumurta Boyutu: L-XL (63-73 gram)A\u011f\u0131rl\u0131k : 70 gram. (+- 3gr.)Renkler : Naturel,Violet,Sar\u0131,Ye\u015fil,PempePaket Adedi : 140Kapasite : 30 Yumurta<\/p>\n","protected":false},"author":1,"featured_media":636,"parent":0,"menu_order":0,"comment_status":"closed","ping_status":"closed","template":"","meta":[],"aioseo_notices":[],"_links":{"self":[{"href":"https:\/\/ozayviol.com\/index.php?rest_route=\/wp\/v2\/pages\/540"}],"collection":[{"href":"https:\/\/ozayviol.com\/index.php?rest_route=\/wp\/v2\/pages"}],"about":[{"href":"https:\/\/ozayviol.com\/index.php?rest_route=\/wp\/v2\/types\/page"}],"author":[{"embeddable":true,"href":"https:\/\/ozayviol.com\/index.php?rest_route=\/wp\/v2\/users\/1"}],"replies":[{"embeddable":true,"href":"https:\/\/ozayviol.com\/index.php?rest_route=%2Fwp%2Fv2%2Fcomments&post=540"}],"version-history":[{"count":3,"href":"https:\/\/ozayviol.com\/index.php?rest_route=\/wp\/v2\/pages\/540\/revisions"}],"predecessor-version":[{"id":640,"href":"https:\/\/ozayviol.com\/index.php?rest_route=\/wp\/v2\/pages\/540\/revisions\/640"}],"wp:featuredmedia":[{"embeddable":true,"href":"https:\/\/ozayviol.com\/index.php?rest_route=\/wp\/v2\/media\/636"}],"wp:attachment":[{"href":"https:\/\/ozayviol.com\/index.php?rest_route=%2Fwp%2Fv2%2Fmedia&parent=540"}],"curies":[{"name":"wp","href":"https:\/\/api.w.org\/{rel}","templated":true}]}}