{"id":539,"date":"2020-06-06T22:43:04","date_gmt":"2020-06-06T19:43:04","guid":{"rendered":"http:\/\/ozayviol.com\/?page_id=539"},"modified":"2021-12-22T17:43:33","modified_gmt":"2021-12-22T14:43:33","slug":"20-lbs-euro-viyol","status":"publish","type":"page","link":"https:\/\/ozayviol.com\/?page_id=539","title":{"rendered":"18 lbs (euro) viyol"},"content":{"rendered":"\n<p><strong><em>\u00d6ZAY V\u0130OL \u00dcR\u00dcN B\u0130LG\u0130LER\u0130<\/em><\/strong><\/p>\n\n\n\n<p>Yumurta Boyutu: M-L ( 60-67 gram)<br>A\u011f\u0131rl\u0131k : 67 gram. (+- 3gr.)<br>Renkler : Naturel,Violet,Sar\u0131,Ye\u015fil,Pempe<br>Karton Adedi : 140<br>Kapasite : 30 Yumurta<\/p>\n","protected":false},"excerpt":{"rendered":"<p>\u00d6ZAY V\u0130OL \u00dcR\u00dcN B\u0130LG\u0130LER\u0130 Yumurta Boyutu: M-L ( 60-67 gram)A\u011f\u0131rl\u0131k : 67 gram. (+- 3gr.)Renkler : Naturel,Violet,Sar\u0131,Ye\u015fil,PempeKarton Adedi : 140Kapasite : 30 Yumurta<\/p>\n","protected":false},"author":1,"featured_media":630,"parent":0,"menu_order":0,"comment_status":"closed","ping_status":"closed","template":"","meta":[],"aioseo_notices":[],"_links":{"self":[{"href":"https:\/\/ozayviol.com\/index.php?rest_route=\/wp\/v2\/pages\/539"}],"collection":[{"href":"https:\/\/ozayviol.com\/index.php?rest_route=\/wp\/v2\/pages"}],"about":[{"href":"https:\/\/ozayviol.com\/index.php?rest_route=\/wp\/v2\/types\/page"}],"author":[{"embeddable":true,"href":"https:\/\/ozayviol.com\/index.php?rest_route=\/wp\/v2\/users\/1"}],"replies":[{"embeddable":true,"href":"https:\/\/ozayviol.com\/index.php?rest_route=%2Fwp%2Fv2%2Fcomments&post=539"}],"version-history":[{"count":4,"href":"https:\/\/ozayviol.com\/index.php?rest_route=\/wp\/v2\/pages\/539\/revisions"}],"predecessor-version":[{"id":747,"href":"https:\/\/ozayviol.com\/index.php?rest_route=\/wp\/v2\/pages\/539\/revisions\/747"}],"wp:featuredmedia":[{"embeddable":true,"href":"https:\/\/ozayviol.com\/index.php?rest_route=\/wp\/v2\/media\/630"}],"wp:attachment":[{"href":"https:\/\/ozayviol.com\/index.php?rest_route=%2Fwp%2Fv2%2Fmedia&parent=539"}],"curies":[{"name":"wp","href":"https:\/\/api.w.org\/{rel}","templated":true}]}}