{"id":538,"date":"2020-06-06T22:43:04","date_gmt":"2020-06-06T19:43:04","guid":{"rendered":"http:\/\/ozayviol.com\/?page_id=538"},"modified":"2021-12-22T17:44:09","modified_gmt":"2021-12-22T14:44:09","slug":"19-lbs-viyol","status":"publish","type":"page","link":"https:\/\/ozayviol.com\/?page_id=538","title":{"rendered":"17 lbs viyol"},"content":{"rendered":"\n<p><strong><em>\u00d6ZAY V\u0130YOL \u00dcR\u00dcN B\u0130LG\u0130LER\u0130<\/em><\/strong><\/p>\n\n\n\n<p>Yumurta Boyutu: M-L(53-63 gram)<br>A\u011f\u0131rl\u0131k : 63gram. (+- 3gr.)<br>Renkler : Naturel,Violet,Sar\u0131,Ye\u015fil,Pempe<br>Paket Adedi : 100<br>Kapasite : 30 Yumurta<\/p>\n\n\n\n<p><\/p>\n\n\n\n<p><\/p>\n","protected":false},"excerpt":{"rendered":"<p>\u00d6ZAY V\u0130YOL \u00dcR\u00dcN B\u0130LG\u0130LER\u0130 Yumurta Boyutu: M-L(53-63 gram)A\u011f\u0131rl\u0131k : 63gram. (+- 3gr.)Renkler : Naturel,Violet,Sar\u0131,Ye\u015fil,PempePaket Adedi : 100Kapasite : 30 Yumurta<\/p>\n","protected":false},"author":1,"featured_media":633,"parent":0,"menu_order":0,"comment_status":"closed","ping_status":"closed","template":"","meta":[],"aioseo_notices":[],"_links":{"self":[{"href":"https:\/\/ozayviol.com\/index.php?rest_route=\/wp\/v2\/pages\/538"}],"collection":[{"href":"https:\/\/ozayviol.com\/index.php?rest_route=\/wp\/v2\/pages"}],"about":[{"href":"https:\/\/ozayviol.com\/index.php?rest_route=\/wp\/v2\/types\/page"}],"author":[{"embeddable":true,"href":"https:\/\/ozayviol.com\/index.php?rest_route=\/wp\/v2\/users\/1"}],"replies":[{"embeddable":true,"href":"https:\/\/ozayviol.com\/index.php?rest_route=%2Fwp%2Fv2%2Fcomments&post=538"}],"version-history":[{"count":5,"href":"https:\/\/ozayviol.com\/index.php?rest_route=\/wp\/v2\/pages\/538\/revisions"}],"predecessor-version":[{"id":748,"href":"https:\/\/ozayviol.com\/index.php?rest_route=\/wp\/v2\/pages\/538\/revisions\/748"}],"wp:featuredmedia":[{"embeddable":true,"href":"https:\/\/ozayviol.com\/index.php?rest_route=\/wp\/v2\/media\/633"}],"wp:attachment":[{"href":"https:\/\/ozayviol.com\/index.php?rest_route=%2Fwp%2Fv2%2Fmedia&parent=538"}],"curies":[{"name":"wp","href":"https:\/\/api.w.org\/{rel}","templated":true}]}}